{"id":928,"date":"2025-03-04T10:01:30","date_gmt":"2025-03-04T10:01:30","guid":{"rendered":"https:\/\/arc-peru.com\/noticias\/"},"modified":"2025-08-04T11:40:38","modified_gmt":"2025-08-04T11:40:38","slug":"noticias","status":"publish","type":"page","link":"https:\/\/arc-peru.com\/es\/noticias\/","title":{"rendered":"Noticias"},"content":{"rendered":"\t\t<div data-elementor-type=\"wp-page\" data-elementor-id=\"928\" class=\"elementor elementor-928 elementor-204\" data-elementor-post-type=\"page\">\n\t\t\t\t<div class=\"elementor-element elementor-element-5ca1564 e-flex e-con-boxed e-con e-parent\" data-id=\"5ca1564\" data-element_type=\"container\" data-e-type=\"container\" data-settings=\"{&quot;background_background&quot;:&quot;classic&quot;}\">\n\t\t\t\t\t<div class=\"e-con-inner\">\n\t\t<div class=\"elementor-element elementor-element-f3085bd e-con-full e-flex e-con e-child\" data-id=\"f3085bd\" data-element_type=\"container\" data-e-type=\"container\">\n\t\t\t\t<div class=\"elementor-element elementor-element-bb11f42 elementor-widget elementor-widget-heading\" data-id=\"bb11f42\" data-element_type=\"widget\" data-e-type=\"widget\" data-widget_type=\"heading.default\">\n\t\t\t\t<div class=\"elementor-widget-container\">\n\t\t\t\t\t<h1 class=\"elementor-heading-title elementor-size-default\">Noticias<\/h1>\t\t\t\t<\/div>\n\t\t\t\t<\/div>\n\t\t\t\t<\/div>\n\t\t\t\t\t<\/div>\n\t\t\t\t<\/div>\n\t\t<div class=\"elementor-element elementor-element-3649c11 e-flex e-con-boxed e-con e-parent\" data-id=\"3649c11\" data-element_type=\"container\" data-e-type=\"container\" data-settings=\"{&quot;background_background&quot;:&quot;classic&quot;}\">\n\t\t\t\t\t<div class=\"e-con-inner\">\n\t\t<div class=\"elementor-element elementor-element-ca2a03c e-con-full e-flex e-con e-child\" data-id=\"ca2a03c\" data-element_type=\"container\" data-e-type=\"container\">\n\t\t\t\t<div class=\"elementor-element elementor-element-3b2899b elementor-widget elementor-widget-text-editor\" data-id=\"3b2899b\" data-element_type=\"widget\" data-e-type=\"widget\" data-widget_type=\"text-editor.default\">\n\t\t\t\t<div class=\"elementor-widget-container\">\n\t\t\t\t\t\t\t\t\t<p>Mantente informado sobre nuestros \u00faltimos hitos, art\u00edculos de prensa y noticias de la empresa.<\/p>\t\t\t\t\t\t\t\t<\/div>\n\t\t\t\t<\/div>\n\t\t\t\t<div class=\"elementor-element elementor-element-021d486 elementor-grid-3 elementor-grid-tablet-2 elementor-grid-mobile-1 elementor-posts--thumbnail-top elementor-widget elementor-widget-posts\" data-id=\"021d486\" data-element_type=\"widget\" data-e-type=\"widget\" data-settings=\"{&quot;classic_columns&quot;:&quot;3&quot;,&quot;classic_columns_tablet&quot;:&quot;2&quot;,&quot;classic_columns_mobile&quot;:&quot;1&quot;,&quot;classic_row_gap&quot;:{&quot;unit&quot;:&quot;px&quot;,&quot;size&quot;:35,&quot;sizes&quot;:[]},&quot;classic_row_gap_tablet&quot;:{&quot;unit&quot;:&quot;px&quot;,&quot;size&quot;:&quot;&quot;,&quot;sizes&quot;:[]},&quot;classic_row_gap_mobile&quot;:{&quot;unit&quot;:&quot;px&quot;,&quot;size&quot;:&quot;&quot;,&quot;sizes&quot;:[]}}\" data-widget_type=\"posts.classic\">\n\t\t\t\t<div class=\"elementor-widget-container\">\n\t\t\t\t\t\t\t<div class=\"elementor-posts-container elementor-posts elementor-posts--skin-classic elementor-grid\" role=\"list\">\n\t\t\t\t<article class=\"elementor-post elementor-grid-item post-1515 post type-post status-publish format-standard has-post-thumbnail hentry category-sin-categoria tag-amazon-restoration-company-es tag-creditos-de-carbono tag-expo-forestal-peru-es tag-silvicultura-peru\" role=\"listitem\">\n\t\t\t\t<a class=\"elementor-post__thumbnail__link\" href=\"https:\/\/arc-peru.com\/es\/amazon-restoration-company-en-la-expo-forestal-2025-de-lima\/\" tabindex=\"-1\" >\n\t\t\t<div class=\"elementor-post__thumbnail\"><img fetchpriority=\"high\" decoding=\"async\" width=\"1200\" height=\"1600\" src=\"https:\/\/arc-peru.com\/wp-content\/uploads\/2025\/11\/Afbeelding-van-WhatsApp-op-2025-11-13-om-10.32.36_5c8aab88.jpg\" class=\"attachment-full size-full wp-image-1522\" alt=\"\" srcset=\"https:\/\/arc-peru.com\/wp-content\/uploads\/2025\/11\/Afbeelding-van-WhatsApp-op-2025-11-13-om-10.32.36_5c8aab88.jpg 1200w, https:\/\/arc-peru.com\/wp-content\/uploads\/2025\/11\/Afbeelding-van-WhatsApp-op-2025-11-13-om-10.32.36_5c8aab88-225x300.jpg 225w, https:\/\/arc-peru.com\/wp-content\/uploads\/2025\/11\/Afbeelding-van-WhatsApp-op-2025-11-13-om-10.32.36_5c8aab88-768x1024.jpg 768w, https:\/\/arc-peru.com\/wp-content\/uploads\/2025\/11\/Afbeelding-van-WhatsApp-op-2025-11-13-om-10.32.36_5c8aab88-1152x1536.jpg 1152w\" sizes=\"(max-width: 1200px) 100vw, 1200px\" \/><\/div>\n\t\t<\/a>\n\t\t\t\t<div class=\"elementor-post__text\">\n\t\t\t\t<h3 class=\"elementor-post__title\">\n\t\t\t<a href=\"https:\/\/arc-peru.com\/es\/amazon-restoration-company-en-la-expo-forestal-2025-de-lima\/\" >\n\t\t\t\tAmazon Restoration Company en la Expo Forestal 2025 de Lima\t\t\t<\/a>\n\t\t<\/h3>\n\t\t\t\t<div class=\"elementor-post__meta-data\">\n\t\t\t\t\t<span class=\"elementor-post-date\">\n\t\t\t13 de noviembre de 2025\t\t<\/span>\n\t\t\t\t<\/div>\n\t\t\n\t\t<a class=\"elementor-post__read-more\" href=\"https:\/\/arc-peru.com\/es\/amazon-restoration-company-en-la-expo-forestal-2025-de-lima\/\" aria-label=\"M\u00e1s informaci\u00f3n sobre Amazon Restoration Company en la Expo Forestal 2025 de Lima\" tabindex=\"-1\" >\n\t\t\tLeer m\u00e1s \u00bb\t\t<\/a>\n\n\t\t\t\t<\/div>\n\t\t\t\t<\/article>\n\t\t\t\t<article class=\"elementor-post elementor-grid-item post-1485 post type-post status-publish format-standard has-post-thumbnail hentry category-sin-categoria tag-amazon-restoration-company-es tag-arc-peru-es tag-creditos-de-carbono tag-peru-es tag-regeneracion tag-restauracion-forestal\" role=\"listitem\">\n\t\t\t\t<a class=\"elementor-post__thumbnail__link\" href=\"https:\/\/arc-peru.com\/es\/amazon-restoration-company-restauracion-forestal-en-la-amazonia-peruana\/\" tabindex=\"-1\" >\n\t\t\t<div class=\"elementor-post__thumbnail\"><img decoding=\"async\" width=\"2560\" height=\"1700\" src=\"https:\/\/arc-peru.com\/wp-content\/uploads\/2025\/07\/DSC_0458-scaled.jpg\" class=\"attachment-full size-full wp-image-1445\" alt=\"\" srcset=\"https:\/\/arc-peru.com\/wp-content\/uploads\/2025\/07\/DSC_0458-scaled.jpg 2560w, https:\/\/arc-peru.com\/wp-content\/uploads\/2025\/07\/DSC_0458-300x199.jpg 300w, https:\/\/arc-peru.com\/wp-content\/uploads\/2025\/07\/DSC_0458-1024x680.jpg 1024w, https:\/\/arc-peru.com\/wp-content\/uploads\/2025\/07\/DSC_0458-768x510.jpg 768w, https:\/\/arc-peru.com\/wp-content\/uploads\/2025\/07\/DSC_0458-1536x1020.jpg 1536w, https:\/\/arc-peru.com\/wp-content\/uploads\/2025\/07\/DSC_0458-2048x1360.jpg 2048w\" sizes=\"(max-width: 2560px) 100vw, 2560px\" \/><\/div>\n\t\t<\/a>\n\t\t\t\t<div class=\"elementor-post__text\">\n\t\t\t\t<h3 class=\"elementor-post__title\">\n\t\t\t<a href=\"https:\/\/arc-peru.com\/es\/amazon-restoration-company-restauracion-forestal-en-la-amazonia-peruana\/\" >\n\t\t\t\tAmazon Restoration Company | Restauraci\u00f3n forestal en la Amazon\u00eda peruana\t\t\t<\/a>\n\t\t<\/h3>\n\t\t\t\t<div class=\"elementor-post__meta-data\">\n\t\t\t\t\t<span class=\"elementor-post-date\">\n\t\t\t4 de agosto de 2025\t\t<\/span>\n\t\t\t\t<\/div>\n\t\t\n\t\t<a class=\"elementor-post__read-more\" href=\"https:\/\/arc-peru.com\/es\/amazon-restoration-company-restauracion-forestal-en-la-amazonia-peruana\/\" aria-label=\"M\u00e1s informaci\u00f3n sobre Amazon Restoration Company | Restauraci\u00f3n forestal en la Amazon\u00eda peruana\" tabindex=\"-1\" >\n\t\t\tLeer m\u00e1s \u00bb\t\t<\/a>\n\n\t\t\t\t<\/div>\n\t\t\t\t<\/article>\n\t\t\t\t<\/div>\n\t\t\n\t\t\t\t\t\t<\/div>\n\t\t\t\t<\/div>\n\t\t\t\t<\/div>\n\t\t\t\t\t<\/div>\n\t\t\t\t<\/div>\n\t\t\t\t<\/div>\n\t\t","protected":false},"excerpt":{"rendered":"<p>Mantente informado sobre nuestros \u00faltimos hitos, art\u00edculos de prensa y noticias de la empresa.<\/p>\n","protected":false},"author":1,"featured_media":0,"parent":0,"menu_order":0,"comment_status":"closed","ping_status":"closed","template":"elementor_header_footer","meta":{"inline_featured_image":false,"footnotes":""},"class_list":["post-928","page","type-page","status-publish","hentry"],"yoast_head":"<!-- This site is optimized with the Yoast SEO plugin v27.4 - https:\/\/yoast.com\/product\/yoast-seo-wordpress\/ -->\n<title>Noticias - Amazon Restoration Company<\/title>\n<meta name=\"robots\" content=\"index, follow, max-snippet:-1, max-image-preview:large, max-video-preview:-1\" \/>\n<link rel=\"canonical\" href=\"https:\/\/arc-peru.com\/es\/noticias\/\" \/>\n<meta property=\"og:locale\" content=\"es_ES\" \/>\n<meta property=\"og:type\" content=\"article\" \/>\n<meta property=\"og:title\" content=\"Noticias - Amazon Restoration Company\" \/>\n<meta property=\"og:description\" content=\"Mantente informado sobre nuestros \u00faltimos hitos, art\u00edculos de prensa y noticias de la empresa.\" \/>\n<meta property=\"og:url\" content=\"https:\/\/arc-peru.com\/es\/noticias\/\" \/>\n<meta property=\"og:site_name\" content=\"Amazon Restoration Company\" \/>\n<meta property=\"article:modified_time\" content=\"2025-08-04T11:40:38+00:00\" \/>\n<meta name=\"twitter:card\" content=\"summary_large_image\" \/>\n<meta name=\"twitter:label1\" content=\"Tiempo de lectura\" \/>\n\t<meta name=\"twitter:data1\" content=\"1 minuto\" \/>\n<script type=\"application\/ld+json\" class=\"yoast-schema-graph\">{\"@context\":\"https:\\\/\\\/schema.org\",\"@graph\":[{\"@type\":\"WebPage\",\"@id\":\"https:\\\/\\\/arc-peru.com\\\/es\\\/noticias\\\/\",\"url\":\"https:\\\/\\\/arc-peru.com\\\/es\\\/noticias\\\/\",\"name\":\"Noticias - Amazon Restoration Company\",\"isPartOf\":{\"@id\":\"https:\\\/\\\/arc-peru.com\\\/es\\\/#website\"},\"datePublished\":\"2025-03-04T10:01:30+00:00\",\"dateModified\":\"2025-08-04T11:40:38+00:00\",\"breadcrumb\":{\"@id\":\"https:\\\/\\\/arc-peru.com\\\/es\\\/noticias\\\/#breadcrumb\"},\"inLanguage\":\"es\",\"potentialAction\":[{\"@type\":\"ReadAction\",\"target\":[\"https:\\\/\\\/arc-peru.com\\\/es\\\/noticias\\\/\"]}]},{\"@type\":\"BreadcrumbList\",\"@id\":\"https:\\\/\\\/arc-peru.com\\\/es\\\/noticias\\\/#breadcrumb\",\"itemListElement\":[{\"@type\":\"ListItem\",\"position\":1,\"name\":\"Home\",\"item\":\"https:\\\/\\\/arc-peru.com\\\/es\\\/\"},{\"@type\":\"ListItem\",\"position\":2,\"name\":\"Noticias\"}]},{\"@type\":\"WebSite\",\"@id\":\"https:\\\/\\\/arc-peru.com\\\/es\\\/#website\",\"url\":\"https:\\\/\\\/arc-peru.com\\\/es\\\/\",\"name\":\"Amazon Restoration Company\",\"description\":\"Value-added forest landscape restoration in Peru\u2019s Amazon Basin\",\"publisher\":{\"@id\":\"https:\\\/\\\/arc-peru.com\\\/es\\\/#organization\"},\"potentialAction\":[{\"@type\":\"SearchAction\",\"target\":{\"@type\":\"EntryPoint\",\"urlTemplate\":\"https:\\\/\\\/arc-peru.com\\\/es\\\/?s={search_term_string}\"},\"query-input\":{\"@type\":\"PropertyValueSpecification\",\"valueRequired\":true,\"valueName\":\"search_term_string\"}}],\"inLanguage\":\"es\"},{\"@type\":\"Organization\",\"@id\":\"https:\\\/\\\/arc-peru.com\\\/es\\\/#organization\",\"name\":\"Amazon Restoration Company\",\"url\":\"https:\\\/\\\/arc-peru.com\\\/es\\\/\",\"logo\":{\"@type\":\"ImageObject\",\"inLanguage\":\"es\",\"@id\":\"https:\\\/\\\/arc-peru.com\\\/es\\\/#\\\/schema\\\/logo\\\/image\\\/\",\"url\":\"https:\\\/\\\/arc-peru.com\\\/wp-content\\\/uploads\\\/2025\\\/03\\\/logo-arc.png\",\"contentUrl\":\"https:\\\/\\\/arc-peru.com\\\/wp-content\\\/uploads\\\/2025\\\/03\\\/logo-arc.png\",\"width\":1147,\"height\":557,\"caption\":\"Amazon Restoration Company\"},\"image\":{\"@id\":\"https:\\\/\\\/arc-peru.com\\\/es\\\/#\\\/schema\\\/logo\\\/image\\\/\"}}]}<\/script>\n<!-- \/ Yoast SEO plugin. -->","yoast_head_json":{"title":"Noticias - Amazon Restoration Company","robots":{"index":"index","follow":"follow","max-snippet":"max-snippet:-1","max-image-preview":"max-image-preview:large","max-video-preview":"max-video-preview:-1"},"canonical":"https:\/\/arc-peru.com\/es\/noticias\/","og_locale":"es_ES","og_type":"article","og_title":"Noticias - Amazon Restoration Company","og_description":"Mantente informado sobre nuestros \u00faltimos hitos, art\u00edculos de prensa y noticias de la empresa.","og_url":"https:\/\/arc-peru.com\/es\/noticias\/","og_site_name":"Amazon Restoration Company","article_modified_time":"2025-08-04T11:40:38+00:00","twitter_card":"summary_large_image","twitter_misc":{"Tiempo de lectura":"1 minuto"},"schema":{"@context":"https:\/\/schema.org","@graph":[{"@type":"WebPage","@id":"https:\/\/arc-peru.com\/es\/noticias\/","url":"https:\/\/arc-peru.com\/es\/noticias\/","name":"Noticias - Amazon Restoration Company","isPartOf":{"@id":"https:\/\/arc-peru.com\/es\/#website"},"datePublished":"2025-03-04T10:01:30+00:00","dateModified":"2025-08-04T11:40:38+00:00","breadcrumb":{"@id":"https:\/\/arc-peru.com\/es\/noticias\/#breadcrumb"},"inLanguage":"es","potentialAction":[{"@type":"ReadAction","target":["https:\/\/arc-peru.com\/es\/noticias\/"]}]},{"@type":"BreadcrumbList","@id":"https:\/\/arc-peru.com\/es\/noticias\/#breadcrumb","itemListElement":[{"@type":"ListItem","position":1,"name":"Home","item":"https:\/\/arc-peru.com\/es\/"},{"@type":"ListItem","position":2,"name":"Noticias"}]},{"@type":"WebSite","@id":"https:\/\/arc-peru.com\/es\/#website","url":"https:\/\/arc-peru.com\/es\/","name":"Amazon Restoration Company","description":"Value-added forest landscape restoration in Peru\u2019s Amazon Basin","publisher":{"@id":"https:\/\/arc-peru.com\/es\/#organization"},"potentialAction":[{"@type":"SearchAction","target":{"@type":"EntryPoint","urlTemplate":"https:\/\/arc-peru.com\/es\/?s={search_term_string}"},"query-input":{"@type":"PropertyValueSpecification","valueRequired":true,"valueName":"search_term_string"}}],"inLanguage":"es"},{"@type":"Organization","@id":"https:\/\/arc-peru.com\/es\/#organization","name":"Amazon Restoration Company","url":"https:\/\/arc-peru.com\/es\/","logo":{"@type":"ImageObject","inLanguage":"es","@id":"https:\/\/arc-peru.com\/es\/#\/schema\/logo\/image\/","url":"https:\/\/arc-peru.com\/wp-content\/uploads\/2025\/03\/logo-arc.png","contentUrl":"https:\/\/arc-peru.com\/wp-content\/uploads\/2025\/03\/logo-arc.png","width":1147,"height":557,"caption":"Amazon Restoration Company"},"image":{"@id":"https:\/\/arc-peru.com\/es\/#\/schema\/logo\/image\/"}}]}},"_links":{"self":[{"href":"https:\/\/arc-peru.com\/es\/wp-json\/wp\/v2\/pages\/928","targetHints":{"allow":["GET"]}}],"collection":[{"href":"https:\/\/arc-peru.com\/es\/wp-json\/wp\/v2\/pages"}],"about":[{"href":"https:\/\/arc-peru.com\/es\/wp-json\/wp\/v2\/types\/page"}],"author":[{"embeddable":true,"href":"https:\/\/arc-peru.com\/es\/wp-json\/wp\/v2\/users\/1"}],"replies":[{"embeddable":true,"href":"https:\/\/arc-peru.com\/es\/wp-json\/wp\/v2\/comments?post=928"}],"version-history":[{"count":7,"href":"https:\/\/arc-peru.com\/es\/wp-json\/wp\/v2\/pages\/928\/revisions"}],"predecessor-version":[{"id":1499,"href":"https:\/\/arc-peru.com\/es\/wp-json\/wp\/v2\/pages\/928\/revisions\/1499"}],"wp:attachment":[{"href":"https:\/\/arc-peru.com\/es\/wp-json\/wp\/v2\/media?parent=928"}],"curies":[{"name":"wp","href":"https:\/\/api.w.org\/{rel}","templated":true}]}}