{"id":929,"date":"2025-03-04T10:01:03","date_gmt":"2025-03-04T10:01:03","guid":{"rendered":"https:\/\/arc-peru.com\/productos\/"},"modified":"2025-06-24T14:06:00","modified_gmt":"2025-06-24T14:06:00","slug":"productos","status":"publish","type":"page","link":"https:\/\/arc-peru.com\/es\/productos\/","title":{"rendered":"Productos"},"content":{"rendered":"\t\t<div data-elementor-type=\"wp-page\" data-elementor-id=\"929\" class=\"elementor elementor-929 elementor-198\" data-elementor-post-type=\"page\">\n\t\t\t\t<div class=\"elementor-element elementor-element-cffea00 e-flex e-con-boxed e-con e-parent\" data-id=\"cffea00\" data-element_type=\"container\" data-e-type=\"container\" data-settings=\"{&quot;background_background&quot;:&quot;classic&quot;}\">\n\t\t\t\t\t<div class=\"e-con-inner\">\n\t\t<div class=\"elementor-element elementor-element-634150c e-con-full e-flex e-con e-child\" data-id=\"634150c\" data-element_type=\"container\" data-e-type=\"container\">\n\t\t\t\t<div class=\"elementor-element elementor-element-c323e4d elementor-widget elementor-widget-heading\" data-id=\"c323e4d\" data-element_type=\"widget\" data-e-type=\"widget\" data-widget_type=\"heading.default\">\n\t\t\t\t<div class=\"elementor-widget-container\">\n\t\t\t\t\t<h1 class=\"elementor-heading-title elementor-size-default\">Productos<\/h1>\t\t\t\t<\/div>\n\t\t\t\t<\/div>\n\t\t\t\t<\/div>\n\t\t\t\t\t<\/div>\n\t\t\t\t<\/div>\n\t\t<div class=\"elementor-element elementor-element-3c09280 e-flex e-con-boxed e-con e-parent\" data-id=\"3c09280\" data-element_type=\"container\" data-e-type=\"container\">\n\t\t\t\t\t<div class=\"e-con-inner\">\n\t\t<div class=\"elementor-element elementor-element-6291728 e-flex e-con-boxed e-con e-child\" data-id=\"6291728\" data-element_type=\"container\" data-e-type=\"container\">\n\t\t\t\t\t<div class=\"e-con-inner\">\n\t\t\t\t<div class=\"elementor-element elementor-element-a09fc3f elementor-widget__width-initial elementor-widget elementor-widget-heading\" data-id=\"a09fc3f\" data-element_type=\"widget\" data-e-type=\"widget\" data-widget_type=\"heading.default\">\n\t\t\t\t<div class=\"elementor-widget-container\">\n\t\t\t\t\t<h2 class=\"elementor-heading-title elementor-size-default\">Nuestros productos<\/h2>\t\t\t\t<\/div>\n\t\t\t\t<\/div>\n\t\t\t\t\t<\/div>\n\t\t\t\t<\/div>\n\t\t\t\t\t<\/div>\n\t\t\t\t<\/div>\n\t\t<div class=\"elementor-element elementor-element-35501de e-grid e-con-boxed e-con e-parent\" data-id=\"35501de\" data-element_type=\"container\" data-e-type=\"container\">\n\t\t\t\t\t<div class=\"e-con-inner\">\n\t\t<div class=\"elementor-element elementor-element-288d174 e-con-full e-flex e-con e-child\" data-id=\"288d174\" data-element_type=\"container\" data-e-type=\"container\" data-settings=\"{&quot;background_background&quot;:&quot;classic&quot;}\">\n\t\t\t\t<div class=\"elementor-element elementor-element-1aa5a68 elementor-widget elementor-widget-image\" data-id=\"1aa5a68\" data-element_type=\"widget\" data-e-type=\"widget\" data-widget_type=\"image.default\">\n\t\t\t\t<div class=\"elementor-widget-container\">\n\t\t\t\t\t\t\t\t\t\t\t\t\t\t\t<img fetchpriority=\"high\" decoding=\"async\" width=\"800\" height=\"531\" src=\"https:\/\/arc-peru.com\/wp-content\/uploads\/2025\/06\/DSC_0062-1024x680.jpg\" class=\"attachment-large size-large wp-image-1432\" alt=\"\" srcset=\"https:\/\/arc-peru.com\/wp-content\/uploads\/2025\/06\/DSC_0062-1024x680.jpg 1024w, https:\/\/arc-peru.com\/wp-content\/uploads\/2025\/06\/DSC_0062-300x199.jpg 300w, https:\/\/arc-peru.com\/wp-content\/uploads\/2025\/06\/DSC_0062-768x510.jpg 768w, https:\/\/arc-peru.com\/wp-content\/uploads\/2025\/06\/DSC_0062-1536x1020.jpg 1536w, https:\/\/arc-peru.com\/wp-content\/uploads\/2025\/06\/DSC_0062-2048x1360.jpg 2048w\" sizes=\"(max-width: 800px) 100vw, 800px\" \/>\t\t\t\t\t\t\t\t\t\t\t\t\t\t\t<\/div>\n\t\t\t\t<\/div>\n\t\t<div class=\"elementor-element elementor-element-568663b e-con-full e-flex e-con e-child\" data-id=\"568663b\" data-element_type=\"container\" data-e-type=\"container\">\n\t\t\t\t<div class=\"elementor-element elementor-element-152cb25 elementor-widget elementor-widget-heading\" data-id=\"152cb25\" data-element_type=\"widget\" data-e-type=\"widget\" data-widget_type=\"heading.default\">\n\t\t\t\t<div class=\"elementor-widget-container\">\n\t\t\t\t\t<h3 class=\"elementor-heading-title elementor-size-default\">Cr\u00e9ditos de carbono<\/h3>\t\t\t\t<\/div>\n\t\t\t\t<\/div>\n\t\t\t\t<div class=\"elementor-element elementor-element-6f31a19 elementor-widget elementor-widget-text-editor\" data-id=\"6f31a19\" data-element_type=\"widget\" data-e-type=\"widget\" data-widget_type=\"text-editor.default\">\n\t\t\t\t<div class=\"elementor-widget-container\">\n\t\t\t\t\t\t\t\t\tAmazon Restoration Company genera cr\u00e9ditos de carbono de alta calidad a partir de actividades de restauraci\u00f3n forestal, que se certificar\u00e1n con arreglo a normas internacionalmente reconocidas. Si est\u00e1s interesado en nuestro programa de cr\u00e9ditos de carbono, ponte en contacto con nosotros.  \t\t\t\t\t\t\t\t<\/div>\n\t\t\t\t<\/div>\n\t\t\t\t<\/div>\n\t\t\t\t<\/div>\n\t\t<div class=\"elementor-element elementor-element-9a798e0 e-con-full e-flex e-con e-child\" data-id=\"9a798e0\" data-element_type=\"container\" data-e-type=\"container\" data-settings=\"{&quot;background_background&quot;:&quot;classic&quot;}\">\n\t\t\t\t<div class=\"elementor-element elementor-element-f8f95f0 elementor-widget elementor-widget-image\" data-id=\"f8f95f0\" data-element_type=\"widget\" data-e-type=\"widget\" data-widget_type=\"image.default\">\n\t\t\t\t<div class=\"elementor-widget-container\">\n\t\t\t\t\t\t\t\t\t\t\t\t\t\t\t<img decoding=\"async\" width=\"800\" height=\"531\" src=\"https:\/\/arc-peru.com\/wp-content\/uploads\/2025\/06\/DSC_0083-1024x680.jpg\" class=\"attachment-large size-large wp-image-1437\" alt=\"\" srcset=\"https:\/\/arc-peru.com\/wp-content\/uploads\/2025\/06\/DSC_0083-1024x680.jpg 1024w, https:\/\/arc-peru.com\/wp-content\/uploads\/2025\/06\/DSC_0083-300x199.jpg 300w, https:\/\/arc-peru.com\/wp-content\/uploads\/2025\/06\/DSC_0083-768x510.jpg 768w, https:\/\/arc-peru.com\/wp-content\/uploads\/2025\/06\/DSC_0083-1536x1020.jpg 1536w, https:\/\/arc-peru.com\/wp-content\/uploads\/2025\/06\/DSC_0083-2048x1360.jpg 2048w\" sizes=\"(max-width: 800px) 100vw, 800px\" \/>\t\t\t\t\t\t\t\t\t\t\t\t\t\t\t<\/div>\n\t\t\t\t<\/div>\n\t\t<div class=\"elementor-element elementor-element-325ebaa e-con-full e-flex e-con e-child\" data-id=\"325ebaa\" data-element_type=\"container\" data-e-type=\"container\">\n\t\t\t\t<div class=\"elementor-element elementor-element-2e21c9c elementor-widget elementor-widget-heading\" data-id=\"2e21c9c\" data-element_type=\"widget\" data-e-type=\"widget\" data-widget_type=\"heading.default\">\n\t\t\t\t<div class=\"elementor-widget-container\">\n\t\t\t\t\t<h3 class=\"elementor-heading-title elementor-size-default\">Madera<\/h3>\t\t\t\t<\/div>\n\t\t\t\t<\/div>\n\t\t\t\t<div class=\"elementor-element elementor-element-481a80a elementor-widget elementor-widget-text-editor\" data-id=\"481a80a\" data-element_type=\"widget\" data-e-type=\"widget\" data-widget_type=\"text-editor.default\">\n\t\t\t\t<div class=\"elementor-widget-container\">\n\t\t\t\t\t\t\t\t\t<p>Dentro de unos a\u00f1os podremos ofrecer productos de madera de alta calidad, producidos de forma sostenible, a partir de especies arb\u00f3reas aut\u00f3ctonas de crecimiento r\u00e1pido, con propiedades de madera de baja, media y alta densidad para diversas aplicaciones.<\/p><p> <\/p><p>Nuestras especies seleccionadas son:<\/p><ul><li>Balsa (Ochroma pyramidale)<\/li><li>Marupa (Simarouba amara)<\/li><li>Bolaina (Guazuma crinita)<\/li><li>Laurel (Cordia alliadora)<\/li><li>Capirona (Calycophyllum spruceanum)<\/li><li>Shihuahuaco (Dipteryx ferrea)<\/li><\/ul><p> <\/p><p>Aunque faltan algunos a\u00f1os para que pongamos nuestra primera madera en el mercado (primera plantaci\u00f3n a partir de 2023), invitamos a los compradores interesados y a otros socios potenciales a que se pongan en contacto con nosotros para hablar de futuras oportunidades de colaboraci\u00f3n.<\/p>\t\t\t\t\t\t\t\t<\/div>\n\t\t\t\t<\/div>\n\t\t\t\t<\/div>\n\t\t\t\t<\/div>\n\t\t\t\t\t<\/div>\n\t\t\t\t<\/div>\n\t\t\t\t<\/div>\n\t\t","protected":false},"excerpt":{"rendered":"<p>Nuestros productos Cr\u00e9ditos de carbono Amazon Restoration Company genera cr\u00e9ditos de carbono de alta calidad a partir de actividades de restauraci\u00f3n forestal, que se certificar\u00e1n con arreglo a normas internacionalmente reconocidas. Si est\u00e1s interesado en nuestro programa de cr\u00e9ditos de carbono, ponte en contacto con nosotros. Madera Dentro de unos a\u00f1os podremos ofrecer productos de [&hellip;]<\/p>\n","protected":false},"author":1,"featured_media":0,"parent":0,"menu_order":0,"comment_status":"closed","ping_status":"closed","template":"elementor_header_footer","meta":{"inline_featured_image":false,"footnotes":""},"class_list":["post-929","page","type-page","status-publish","hentry"],"yoast_head":"<!-- This site is optimized with the Yoast SEO plugin v27.4 - https:\/\/yoast.com\/product\/yoast-seo-wordpress\/ -->\n<title>Productos - Amazon Restoration Company<\/title>\n<meta name=\"robots\" content=\"index, follow, max-snippet:-1, max-image-preview:large, max-video-preview:-1\" \/>\n<link rel=\"canonical\" href=\"https:\/\/arc-peru.com\/es\/productos\/\" \/>\n<meta property=\"og:locale\" content=\"es_ES\" \/>\n<meta property=\"og:type\" content=\"article\" \/>\n<meta property=\"og:title\" content=\"Productos - Amazon Restoration Company\" \/>\n<meta property=\"og:description\" content=\"Nuestros productos Cr\u00e9ditos de carbono Amazon Restoration Company genera cr\u00e9ditos de carbono de alta calidad a partir de actividades de restauraci\u00f3n forestal, que se certificar\u00e1n con arreglo a normas internacionalmente reconocidas. Si est\u00e1s interesado en nuestro programa de cr\u00e9ditos de carbono, ponte en contacto con nosotros. Madera Dentro de unos a\u00f1os podremos ofrecer productos de [&hellip;]\" \/>\n<meta property=\"og:url\" content=\"https:\/\/arc-peru.com\/es\/productos\/\" \/>\n<meta property=\"og:site_name\" content=\"Amazon Restoration Company\" \/>\n<meta property=\"article:modified_time\" content=\"2025-06-24T14:06:00+00:00\" \/>\n<meta property=\"og:image\" content=\"https:\/\/arc-peru.com\/wp-content\/uploads\/2025\/06\/DSC_0062-1024x680.jpg\" \/>\n<meta name=\"twitter:card\" content=\"summary_large_image\" \/>\n<meta name=\"twitter:label1\" content=\"Tiempo de lectura\" \/>\n\t<meta name=\"twitter:data1\" content=\"2 minutos\" \/>\n<script type=\"application\/ld+json\" class=\"yoast-schema-graph\">{\"@context\":\"https:\\\/\\\/schema.org\",\"@graph\":[{\"@type\":\"WebPage\",\"@id\":\"https:\\\/\\\/arc-peru.com\\\/es\\\/productos\\\/\",\"url\":\"https:\\\/\\\/arc-peru.com\\\/es\\\/productos\\\/\",\"name\":\"Productos - Amazon Restoration Company\",\"isPartOf\":{\"@id\":\"https:\\\/\\\/arc-peru.com\\\/es\\\/#website\"},\"primaryImageOfPage\":{\"@id\":\"https:\\\/\\\/arc-peru.com\\\/es\\\/productos\\\/#primaryimage\"},\"image\":{\"@id\":\"https:\\\/\\\/arc-peru.com\\\/es\\\/productos\\\/#primaryimage\"},\"thumbnailUrl\":\"https:\\\/\\\/arc-peru.com\\\/wp-content\\\/uploads\\\/2025\\\/06\\\/DSC_0062-1024x680.jpg\",\"datePublished\":\"2025-03-04T10:01:03+00:00\",\"dateModified\":\"2025-06-24T14:06:00+00:00\",\"breadcrumb\":{\"@id\":\"https:\\\/\\\/arc-peru.com\\\/es\\\/productos\\\/#breadcrumb\"},\"inLanguage\":\"es\",\"potentialAction\":[{\"@type\":\"ReadAction\",\"target\":[\"https:\\\/\\\/arc-peru.com\\\/es\\\/productos\\\/\"]}]},{\"@type\":\"ImageObject\",\"inLanguage\":\"es\",\"@id\":\"https:\\\/\\\/arc-peru.com\\\/es\\\/productos\\\/#primaryimage\",\"url\":\"https:\\\/\\\/arc-peru.com\\\/wp-content\\\/uploads\\\/2025\\\/06\\\/DSC_0062-1024x680.jpg\",\"contentUrl\":\"https:\\\/\\\/arc-peru.com\\\/wp-content\\\/uploads\\\/2025\\\/06\\\/DSC_0062-1024x680.jpg\"},{\"@type\":\"BreadcrumbList\",\"@id\":\"https:\\\/\\\/arc-peru.com\\\/es\\\/productos\\\/#breadcrumb\",\"itemListElement\":[{\"@type\":\"ListItem\",\"position\":1,\"name\":\"Home\",\"item\":\"https:\\\/\\\/arc-peru.com\\\/es\\\/\"},{\"@type\":\"ListItem\",\"position\":2,\"name\":\"Productos\"}]},{\"@type\":\"WebSite\",\"@id\":\"https:\\\/\\\/arc-peru.com\\\/es\\\/#website\",\"url\":\"https:\\\/\\\/arc-peru.com\\\/es\\\/\",\"name\":\"Amazon Restoration Company\",\"description\":\"Value-added forest landscape restoration in Peru\u2019s Amazon Basin\",\"publisher\":{\"@id\":\"https:\\\/\\\/arc-peru.com\\\/es\\\/#organization\"},\"potentialAction\":[{\"@type\":\"SearchAction\",\"target\":{\"@type\":\"EntryPoint\",\"urlTemplate\":\"https:\\\/\\\/arc-peru.com\\\/es\\\/?s={search_term_string}\"},\"query-input\":{\"@type\":\"PropertyValueSpecification\",\"valueRequired\":true,\"valueName\":\"search_term_string\"}}],\"inLanguage\":\"es\"},{\"@type\":\"Organization\",\"@id\":\"https:\\\/\\\/arc-peru.com\\\/es\\\/#organization\",\"name\":\"Amazon Restoration Company\",\"url\":\"https:\\\/\\\/arc-peru.com\\\/es\\\/\",\"logo\":{\"@type\":\"ImageObject\",\"inLanguage\":\"es\",\"@id\":\"https:\\\/\\\/arc-peru.com\\\/es\\\/#\\\/schema\\\/logo\\\/image\\\/\",\"url\":\"https:\\\/\\\/arc-peru.com\\\/wp-content\\\/uploads\\\/2025\\\/03\\\/logo-arc.png\",\"contentUrl\":\"https:\\\/\\\/arc-peru.com\\\/wp-content\\\/uploads\\\/2025\\\/03\\\/logo-arc.png\",\"width\":1147,\"height\":557,\"caption\":\"Amazon Restoration Company\"},\"image\":{\"@id\":\"https:\\\/\\\/arc-peru.com\\\/es\\\/#\\\/schema\\\/logo\\\/image\\\/\"}}]}<\/script>\n<!-- \/ Yoast SEO plugin. -->","yoast_head_json":{"title":"Productos - Amazon Restoration Company","robots":{"index":"index","follow":"follow","max-snippet":"max-snippet:-1","max-image-preview":"max-image-preview:large","max-video-preview":"max-video-preview:-1"},"canonical":"https:\/\/arc-peru.com\/es\/productos\/","og_locale":"es_ES","og_type":"article","og_title":"Productos - Amazon Restoration Company","og_description":"Nuestros productos Cr\u00e9ditos de carbono Amazon Restoration Company genera cr\u00e9ditos de carbono de alta calidad a partir de actividades de restauraci\u00f3n forestal, que se certificar\u00e1n con arreglo a normas internacionalmente reconocidas. Si est\u00e1s interesado en nuestro programa de cr\u00e9ditos de carbono, ponte en contacto con nosotros. Madera Dentro de unos a\u00f1os podremos ofrecer productos de [&hellip;]","og_url":"https:\/\/arc-peru.com\/es\/productos\/","og_site_name":"Amazon Restoration Company","article_modified_time":"2025-06-24T14:06:00+00:00","og_image":[{"url":"https:\/\/arc-peru.com\/wp-content\/uploads\/2025\/06\/DSC_0062-1024x680.jpg","type":"","width":"","height":""}],"twitter_card":"summary_large_image","twitter_misc":{"Tiempo de lectura":"2 minutos"},"schema":{"@context":"https:\/\/schema.org","@graph":[{"@type":"WebPage","@id":"https:\/\/arc-peru.com\/es\/productos\/","url":"https:\/\/arc-peru.com\/es\/productos\/","name":"Productos - Amazon Restoration Company","isPartOf":{"@id":"https:\/\/arc-peru.com\/es\/#website"},"primaryImageOfPage":{"@id":"https:\/\/arc-peru.com\/es\/productos\/#primaryimage"},"image":{"@id":"https:\/\/arc-peru.com\/es\/productos\/#primaryimage"},"thumbnailUrl":"https:\/\/arc-peru.com\/wp-content\/uploads\/2025\/06\/DSC_0062-1024x680.jpg","datePublished":"2025-03-04T10:01:03+00:00","dateModified":"2025-06-24T14:06:00+00:00","breadcrumb":{"@id":"https:\/\/arc-peru.com\/es\/productos\/#breadcrumb"},"inLanguage":"es","potentialAction":[{"@type":"ReadAction","target":["https:\/\/arc-peru.com\/es\/productos\/"]}]},{"@type":"ImageObject","inLanguage":"es","@id":"https:\/\/arc-peru.com\/es\/productos\/#primaryimage","url":"https:\/\/arc-peru.com\/wp-content\/uploads\/2025\/06\/DSC_0062-1024x680.jpg","contentUrl":"https:\/\/arc-peru.com\/wp-content\/uploads\/2025\/06\/DSC_0062-1024x680.jpg"},{"@type":"BreadcrumbList","@id":"https:\/\/arc-peru.com\/es\/productos\/#breadcrumb","itemListElement":[{"@type":"ListItem","position":1,"name":"Home","item":"https:\/\/arc-peru.com\/es\/"},{"@type":"ListItem","position":2,"name":"Productos"}]},{"@type":"WebSite","@id":"https:\/\/arc-peru.com\/es\/#website","url":"https:\/\/arc-peru.com\/es\/","name":"Amazon Restoration Company","description":"Value-added forest landscape restoration in Peru\u2019s Amazon Basin","publisher":{"@id":"https:\/\/arc-peru.com\/es\/#organization"},"potentialAction":[{"@type":"SearchAction","target":{"@type":"EntryPoint","urlTemplate":"https:\/\/arc-peru.com\/es\/?s={search_term_string}"},"query-input":{"@type":"PropertyValueSpecification","valueRequired":true,"valueName":"search_term_string"}}],"inLanguage":"es"},{"@type":"Organization","@id":"https:\/\/arc-peru.com\/es\/#organization","name":"Amazon Restoration Company","url":"https:\/\/arc-peru.com\/es\/","logo":{"@type":"ImageObject","inLanguage":"es","@id":"https:\/\/arc-peru.com\/es\/#\/schema\/logo\/image\/","url":"https:\/\/arc-peru.com\/wp-content\/uploads\/2025\/03\/logo-arc.png","contentUrl":"https:\/\/arc-peru.com\/wp-content\/uploads\/2025\/03\/logo-arc.png","width":1147,"height":557,"caption":"Amazon Restoration Company"},"image":{"@id":"https:\/\/arc-peru.com\/es\/#\/schema\/logo\/image\/"}}]}},"_links":{"self":[{"href":"https:\/\/arc-peru.com\/es\/wp-json\/wp\/v2\/pages\/929","targetHints":{"allow":["GET"]}}],"collection":[{"href":"https:\/\/arc-peru.com\/es\/wp-json\/wp\/v2\/pages"}],"about":[{"href":"https:\/\/arc-peru.com\/es\/wp-json\/wp\/v2\/types\/page"}],"author":[{"embeddable":true,"href":"https:\/\/arc-peru.com\/es\/wp-json\/wp\/v2\/users\/1"}],"replies":[{"embeddable":true,"href":"https:\/\/arc-peru.com\/es\/wp-json\/wp\/v2\/comments?post=929"}],"version-history":[{"count":23,"href":"https:\/\/arc-peru.com\/es\/wp-json\/wp\/v2\/pages\/929\/revisions"}],"predecessor-version":[{"id":1441,"href":"https:\/\/arc-peru.com\/es\/wp-json\/wp\/v2\/pages\/929\/revisions\/1441"}],"wp:attachment":[{"href":"https:\/\/arc-peru.com\/es\/wp-json\/wp\/v2\/media?parent=929"}],"curies":[{"name":"wp","href":"https:\/\/api.w.org\/{rel}","templated":true}]}}