{"id":933,"date":"2025-03-04T09:08:29","date_gmt":"2025-03-04T09:08:29","guid":{"rendered":"https:\/\/arc-peru.com\/inicio\/"},"modified":"2025-06-10T17:01:05","modified_gmt":"2025-06-10T17:01:05","slug":"inicio","status":"publish","type":"page","link":"https:\/\/arc-peru.com\/es\/","title":{"rendered":"Inicio"},"content":{"rendered":"\t\t<div data-elementor-type=\"wp-page\" data-elementor-id=\"933\" class=\"elementor elementor-933 elementor-38\" data-elementor-post-type=\"page\">\n\t\t\t\t<div class=\"elementor-element elementor-element-e988eba e-flex e-con-boxed e-con e-parent\" data-id=\"e988eba\" data-element_type=\"container\" data-e-type=\"container\" data-settings=\"{&quot;background_background&quot;:&quot;classic&quot;}\">\n\t\t\t\t\t<div class=\"e-con-inner\">\n\t\t<div class=\"elementor-element elementor-element-294e7d7c e-con-full e-flex e-con e-child\" data-id=\"294e7d7c\" data-element_type=\"container\" data-e-type=\"container\">\n\t\t\t\t<div class=\"elementor-element elementor-element-3e3b192 elementor-widget elementor-widget-heading\" data-id=\"3e3b192\" data-element_type=\"widget\" data-e-type=\"widget\" data-settings=\"{&quot;_animation&quot;:&quot;none&quot;}\" data-widget_type=\"heading.default\">\n\t\t\t\t<div class=\"elementor-widget-container\">\n\t\t\t\t\t<h1 class=\"elementor-heading-title elementor-size-default\">Amazon Restoration Company<\/h1>\t\t\t\t<\/div>\n\t\t\t\t<\/div>\n\t\t\t\t<div class=\"elementor-element elementor-element-58fa578 elementor-widget elementor-widget-text-editor\" data-id=\"58fa578\" data-element_type=\"widget\" data-e-type=\"widget\" data-widget_type=\"text-editor.default\">\n\t\t\t\t<div class=\"elementor-widget-container\">\n\t\t\t\t\t\t\t\t\t<p>Restauraci\u00f3n del paisaje forestal con valor a\u00f1adido en la cuenca amaz\u00f3nica de Per\u00fa<\/p>\t\t\t\t\t\t\t\t<\/div>\n\t\t\t\t<\/div>\n\t\t\t\t<div class=\"elementor-element elementor-element-67d74444 elementor-widget elementor-widget-button\" data-id=\"67d74444\" data-element_type=\"widget\" data-e-type=\"widget\" data-settings=\"{&quot;_animation&quot;:&quot;none&quot;,&quot;_animation_delay&quot;:300}\" data-widget_type=\"button.default\">\n\t\t\t\t<div class=\"elementor-widget-container\">\n\t\t\t\t\t\t\t\t\t<div class=\"elementor-button-wrapper\">\n\t\t\t\t\t<a class=\"elementor-button elementor-button-link elementor-size-sm\" href=\"https:\/\/arc-peru.com\/es\/sobre-nosotros\/\">\n\t\t\t\t\t\t<span class=\"elementor-button-content-wrapper\">\n\t\t\t\t\t\t<span class=\"elementor-button-icon\">\n\t\t\t\t<svg aria-hidden=\"true\" class=\"e-font-icon-svg e-fas-long-arrow-alt-right\" viewBox=\"0 0 448 512\" xmlns=\"http:\/\/www.w3.org\/2000\/svg\"><path d=\"M313.941 216H12c-6.627 0-12 5.373-12 12v56c0 6.627 5.373 12 12 12h301.941v46.059c0 21.382 25.851 32.09 40.971 16.971l86.059-86.059c9.373-9.373 9.373-24.569 0-33.941l-86.059-86.059c-15.119-15.119-40.971-4.411-40.971 16.971V216z\"><\/path><\/svg>\t\t\t<\/span>\n\t\t\t\t\t\t\t\t\t<span class=\"elementor-button-text\">Descubre m\u00e1s<\/span>\n\t\t\t\t\t<\/span>\n\t\t\t\t\t<\/a>\n\t\t\t\t<\/div>\n\t\t\t\t\t\t\t\t<\/div>\n\t\t\t\t<\/div>\n\t\t\t\t<\/div>\n\t\t\t\t\t<\/div>\n\t\t\t\t<\/div>\n\t\t<div class=\"elementor-element elementor-element-1fc3d2fe e-flex e-con-boxed e-con e-parent\" data-id=\"1fc3d2fe\" data-element_type=\"container\" data-e-type=\"container\" data-settings=\"{&quot;background_background&quot;:&quot;classic&quot;}\">\n\t\t\t\t\t<div class=\"e-con-inner\">\n\t\t<div class=\"elementor-element elementor-element-3def4d6a e-con-full e-flex e-con e-child\" data-id=\"3def4d6a\" data-element_type=\"container\" data-e-type=\"container\" data-settings=\"{&quot;animation&quot;:&quot;none&quot;,&quot;background_background&quot;:&quot;classic&quot;}\">\n\t\t\t\t<\/div>\n\t\t<div class=\"elementor-element elementor-element-b54acc7 e-con-full e-flex e-con e-child\" data-id=\"b54acc7\" data-element_type=\"container\" data-e-type=\"container\" data-settings=\"{&quot;animation&quot;:&quot;none&quot;}\">\n\t\t\t\t<div class=\"elementor-element elementor-element-eee37ac elementor-widget elementor-widget-heading\" data-id=\"eee37ac\" data-element_type=\"widget\" data-e-type=\"widget\" data-widget_type=\"heading.default\">\n\t\t\t\t<div class=\"elementor-widget-container\">\n\t\t\t\t\t<h2 class=\"elementor-heading-title elementor-size-default\">Restaurar paisajes forestales biodiversos y productivos<\/h2>\t\t\t\t<\/div>\n\t\t\t\t<\/div>\n\t\t\t\t<div class=\"elementor-element elementor-element-c436321 elementor-widget elementor-widget-text-editor\" data-id=\"c436321\" data-element_type=\"widget\" data-e-type=\"widget\" data-widget_type=\"text-editor.default\">\n\t\t\t\t<div class=\"elementor-widget-container\">\n\t\t\t\t\t\t\t\t\t<p>Amazon Restoration Company (ARC) restaura paisajes forestales biodiversos y productivos en la Amazonia peruana. Nuestro trabajo combina plantaciones mixtas de \u00e1rboles aut\u00f3ctonos, restauraci\u00f3n de bosques naturales y agrosilvicultura minifundista en asociaci\u00f3n con las comunidades locales.<\/p><p>Al transformar las tierras deforestadas en bosques pr\u00f3speros, generamos productos madereros de alta calidad y cr\u00e9ditos de carbono para los mercados voluntarios internacionales de carbono. Activos en Ucayali y Hu\u00e1nuco, Per\u00fa, nos centramos en la gesti\u00f3n forestal sostenible para contribuir a la mitigaci\u00f3n del cambio clim\u00e1tico y al desarrollo econ\u00f3mico local.<\/p><p>Fundada en 2022, ARC se basa en a\u00f1os de experiencia de Form International y se ha seguido desarrollando en asociaci\u00f3n con Treevive y Keystone Forestry Partners.<\/p>\t\t\t\t\t\t\t\t<\/div>\n\t\t\t\t<\/div>\n\t\t<div class=\"elementor-element elementor-element-4f26695 e-con-full e-flex e-con e-child\" data-id=\"4f26695\" data-element_type=\"container\" data-e-type=\"container\">\n\t\t\t\t<div class=\"elementor-element elementor-element-1cbca32 elementor-widget elementor-widget-button\" data-id=\"1cbca32\" data-element_type=\"widget\" data-e-type=\"widget\" data-widget_type=\"button.default\">\n\t\t\t\t<div class=\"elementor-widget-container\">\n\t\t\t\t\t\t\t\t\t<div class=\"elementor-button-wrapper\">\n\t\t\t\t\t<a class=\"elementor-button elementor-button-link elementor-size-sm\" href=\"https:\/\/arc-peru.com\/es\/sobre-nosotros\/\">\n\t\t\t\t\t\t<span class=\"elementor-button-content-wrapper\">\n\t\t\t\t\t\t<span class=\"elementor-button-icon\">\n\t\t\t\t<svg aria-hidden=\"true\" class=\"e-font-icon-svg e-fas-long-arrow-alt-right\" viewBox=\"0 0 448 512\" xmlns=\"http:\/\/www.w3.org\/2000\/svg\"><path d=\"M313.941 216H12c-6.627 0-12 5.373-12 12v56c0 6.627 5.373 12 12 12h301.941v46.059c0 21.382 25.851 32.09 40.971 16.971l86.059-86.059c9.373-9.373 9.373-24.569 0-33.941l-86.059-86.059c-15.119-15.119-40.971-4.411-40.971 16.971V216z\"><\/path><\/svg>\t\t\t<\/span>\n\t\t\t\t\t\t\t\t\t<span class=\"elementor-button-text\">Descubre m\u00e1s<\/span>\n\t\t\t\t\t<\/span>\n\t\t\t\t\t<\/a>\n\t\t\t\t<\/div>\n\t\t\t\t\t\t\t\t<\/div>\n\t\t\t\t<\/div>\n\t\t\t\t<\/div>\n\t\t\t\t<\/div>\n\t\t\t\t\t<\/div>\n\t\t\t\t<\/div>\n\t\t<div class=\"elementor-element elementor-element-8609d45 e-flex e-con-boxed e-con e-parent\" data-id=\"8609d45\" data-element_type=\"container\" data-e-type=\"container\" data-settings=\"{&quot;background_background&quot;:&quot;classic&quot;}\">\n\t\t\t\t\t<div class=\"e-con-inner\">\n\t\t<div class=\"elementor-element elementor-element-2a664dd e-con-full e-flex e-con e-child\" data-id=\"2a664dd\" data-element_type=\"container\" data-e-type=\"container\">\n\t\t\t\t<div class=\"elementor-element elementor-element-4a3cb1b1 elementor-widget elementor-widget-heading\" data-id=\"4a3cb1b1\" data-element_type=\"widget\" data-e-type=\"widget\" data-widget_type=\"heading.default\">\n\t\t\t\t<div class=\"elementor-widget-container\">\n\t\t\t\t\t<h2 class=\"elementor-heading-title elementor-size-default\">Hechos clave \/ Hitos<\/h2>\t\t\t\t<\/div>\n\t\t\t\t<\/div>\n\t\t\t\t<\/div>\n\t\t<div class=\"elementor-element elementor-element-e8e7a62 e-con-full e-flex e-con e-child\" data-id=\"e8e7a62\" data-element_type=\"container\" data-e-type=\"container\">\n\t\t\t\t<div class=\"elementor-element elementor-element-bcbc328 elementor-icon-list--layout-traditional elementor-list-item-link-full_width elementor-widget elementor-widget-icon-list\" data-id=\"bcbc328\" data-element_type=\"widget\" data-e-type=\"widget\" data-widget_type=\"icon-list.default\">\n\t\t\t\t<div class=\"elementor-widget-container\">\n\t\t\t\t\t\t\t<ul class=\"elementor-icon-list-items\">\n\t\t\t\t\t\t\t<li class=\"elementor-icon-list-item\">\n\t\t\t\t\t\t\t\t\t\t\t<span class=\"elementor-icon-list-icon\">\n\t\t\t\t\t\t\t<svg aria-hidden=\"true\" class=\"e-font-icon-svg e-fas-check\" viewBox=\"0 0 512 512\" xmlns=\"http:\/\/www.w3.org\/2000\/svg\"><path d=\"M173.898 439.404l-166.4-166.4c-9.997-9.997-9.997-26.206 0-36.204l36.203-36.204c9.997-9.998 26.207-9.998 36.204 0L192 312.69 432.095 72.596c9.997-9.997 26.207-9.997 36.204 0l36.203 36.204c9.997 9.997 9.997 26.206 0 36.204l-294.4 294.401c-9.998 9.997-26.207 9.997-36.204-.001z\"><\/path><\/svg>\t\t\t\t\t\t<\/span>\n\t\t\t\t\t\t\t\t\t\t<span class=\"elementor-icon-list-text\">170 hect\u00e1reas de tierras gestionadas<\/span>\n\t\t\t\t\t\t\t\t\t<\/li>\n\t\t\t\t\t\t\t\t<li class=\"elementor-icon-list-item\">\n\t\t\t\t\t\t\t\t\t\t\t<span class=\"elementor-icon-list-icon\">\n\t\t\t\t\t\t\t<svg aria-hidden=\"true\" class=\"e-font-icon-svg e-fas-greater-than\" viewBox=\"0 0 384 512\" xmlns=\"http:\/\/www.w3.org\/2000\/svg\"><path d=\"M365.52 209.85L59.22 67.01c-16.06-7.49-35.15-.54-42.64 15.52L3.01 111.61c-7.49 16.06-.54 35.15 15.52 42.64L236.96 256.1 18.49 357.99C2.47 365.46-4.46 384.5 3.01 400.52l13.52 29C24 445.54 43.04 452.47 59.06 445l306.47-142.91a32.003 32.003 0 0 0 18.48-29v-34.23c-.01-12.45-7.21-23.76-18.49-29.01z\"><\/path><\/svg>\t\t\t\t\t\t<\/span>\n\t\t\t\t\t\t\t\t\t\t<span class=\"elementor-icon-list-text\">110 hect\u00e1reas de plantaciones mixtas de \u00e1rboles aut\u00f3ctonos - 57 hect\u00e1reas de restauraci\u00f3n forestal<\/span>\n\t\t\t\t\t\t\t\t\t<\/li>\n\t\t\t\t\t\t\t\t<li class=\"elementor-icon-list-item\">\n\t\t\t\t\t\t\t\t\t\t\t<span class=\"elementor-icon-list-icon\">\n\t\t\t\t\t\t\t<svg aria-hidden=\"true\" class=\"e-font-icon-svg e-fas-check\" viewBox=\"0 0 512 512\" xmlns=\"http:\/\/www.w3.org\/2000\/svg\"><path d=\"M173.898 439.404l-166.4-166.4c-9.997-9.997-9.997-26.206 0-36.204l36.203-36.204c9.997-9.998 26.207-9.998 36.204 0L192 312.69 432.095 72.596c9.997-9.997 26.207-9.997 36.204 0l36.203 36.204c9.997 9.997 9.997 26.206 0 36.204l-294.4 294.401c-9.998 9.997-26.207 9.997-36.204-.001z\"><\/path><\/svg>\t\t\t\t\t\t<\/span>\n\t\t\t\t\t\t\t\t\t\t<span class=\"elementor-icon-list-text\">160 hect\u00e1reas de plantaciones con productores locales asociados a la iniciativa de la empresa<\/span>\n\t\t\t\t\t\t\t\t\t<\/li>\n\t\t\t\t\t\t\t\t<li class=\"elementor-icon-list-item\">\n\t\t\t\t\t\t\t\t\t\t\t<span class=\"elementor-icon-list-icon\">\n\t\t\t\t\t\t\t<svg aria-hidden=\"true\" class=\"e-font-icon-svg e-fas-greater-than\" viewBox=\"0 0 384 512\" xmlns=\"http:\/\/www.w3.org\/2000\/svg\"><path d=\"M365.52 209.85L59.22 67.01c-16.06-7.49-35.15-.54-42.64 15.52L3.01 111.61c-7.49 16.06-.54 35.15 15.52 42.64L236.96 256.1 18.49 357.99C2.47 365.46-4.46 384.5 3.01 400.52l13.52 29C24 445.54 43.04 452.47 59.06 445l306.47-142.91a32.003 32.003 0 0 0 18.48-29v-34.23c-.01-12.45-7.21-23.76-18.49-29.01z\"><\/path><\/svg>\t\t\t\t\t\t<\/span>\n\t\t\t\t\t\t\t\t\t\t<span class=\"elementor-icon-list-text\">97 productores locales - 10 comunidades asociadas<\/span>\n\t\t\t\t\t\t\t\t\t<\/li>\n\t\t\t\t\t\t<\/ul>\n\t\t\t\t\t\t<\/div>\n\t\t\t\t<\/div>\n\t\t\t\t<\/div>\n\t\t\t\t\t<\/div>\n\t\t\t\t<\/div>\n\t\t<div class=\"elementor-element elementor-element-b36e0d2 e-flex e-con-boxed e-con e-parent\" data-id=\"b36e0d2\" data-element_type=\"container\" data-e-type=\"container\" data-settings=\"{&quot;background_background&quot;:&quot;classic&quot;}\">\n\t\t\t\t\t<div class=\"e-con-inner\">\n\t\t\t\t\t<\/div>\n\t\t\t\t<\/div>\n\t\t\t\t<\/div>\n\t\t","protected":false},"excerpt":{"rendered":"<p>Amazon Restoration Company Restauraci\u00f3n del paisaje forestal con valor a\u00f1adido en la cuenca amaz\u00f3nica de Per\u00fa Descubre m\u00e1s Restaurar paisajes forestales biodiversos y productivos Amazon Restoration Company (ARC) restaura paisajes forestales biodiversos y productivos en la Amazonia peruana. Nuestro trabajo combina plantaciones mixtas de \u00e1rboles aut\u00f3ctonos, restauraci\u00f3n de bosques naturales y agrosilvicultura minifundista en asociaci\u00f3n [&hellip;]<\/p>\n","protected":false},"author":1,"featured_media":0,"parent":0,"menu_order":0,"comment_status":"closed","ping_status":"closed","template":"elementor_header_footer","meta":{"inline_featured_image":false,"footnotes":""},"class_list":["post-933","page","type-page","status-publish","hentry"],"yoast_head":"<!-- This site is optimized with the Yoast SEO plugin v27.4 - https:\/\/yoast.com\/product\/yoast-seo-wordpress\/ -->\n<title>Inicio - Amazon Restoration Company<\/title>\n<meta name=\"robots\" content=\"index, follow, max-snippet:-1, max-image-preview:large, max-video-preview:-1\" \/>\n<link rel=\"canonical\" href=\"https:\/\/arc-peru.com\/es\/\" \/>\n<meta property=\"og:locale\" content=\"es_ES\" \/>\n<meta property=\"og:type\" content=\"article\" \/>\n<meta property=\"og:title\" content=\"Inicio - Amazon Restoration Company\" \/>\n<meta property=\"og:description\" content=\"Amazon Restoration Company Restauraci\u00f3n del paisaje forestal con valor a\u00f1adido en la cuenca amaz\u00f3nica de Per\u00fa Descubre m\u00e1s Restaurar paisajes forestales biodiversos y productivos Amazon Restoration Company (ARC) restaura paisajes forestales biodiversos y productivos en la Amazonia peruana. Nuestro trabajo combina plantaciones mixtas de \u00e1rboles aut\u00f3ctonos, restauraci\u00f3n de bosques naturales y agrosilvicultura minifundista en asociaci\u00f3n [&hellip;]\" \/>\n<meta property=\"og:url\" content=\"https:\/\/arc-peru.com\/es\/\" \/>\n<meta property=\"og:site_name\" content=\"Amazon Restoration Company\" \/>\n<meta property=\"article:modified_time\" content=\"2025-06-10T17:01:05+00:00\" \/>\n<meta name=\"twitter:card\" content=\"summary_large_image\" \/>\n<meta name=\"twitter:label1\" content=\"Tiempo de lectura\" \/>\n\t<meta name=\"twitter:data1\" content=\"2 minutos\" \/>\n<script type=\"application\/ld+json\" class=\"yoast-schema-graph\">{\"@context\":\"https:\\\/\\\/schema.org\",\"@graph\":[{\"@type\":\"WebPage\",\"@id\":\"https:\\\/\\\/arc-peru.com\\\/es\\\/\",\"url\":\"https:\\\/\\\/arc-peru.com\\\/es\\\/\",\"name\":\"Inicio - Amazon Restoration Company\",\"isPartOf\":{\"@id\":\"https:\\\/\\\/arc-peru.com\\\/es\\\/#website\"},\"datePublished\":\"2025-03-04T09:08:29+00:00\",\"dateModified\":\"2025-06-10T17:01:05+00:00\",\"breadcrumb\":{\"@id\":\"https:\\\/\\\/arc-peru.com\\\/es\\\/#breadcrumb\"},\"inLanguage\":\"es\",\"potentialAction\":[{\"@type\":\"ReadAction\",\"target\":[\"https:\\\/\\\/arc-peru.com\\\/es\\\/\"]}]},{\"@type\":\"BreadcrumbList\",\"@id\":\"https:\\\/\\\/arc-peru.com\\\/es\\\/#breadcrumb\",\"itemListElement\":[{\"@type\":\"ListItem\",\"position\":1,\"name\":\"Home\",\"item\":\"https:\\\/\\\/arc-peru.com\\\/es\\\/\"},{\"@type\":\"ListItem\",\"position\":2,\"name\":\"Inicio\"}]},{\"@type\":\"WebSite\",\"@id\":\"https:\\\/\\\/arc-peru.com\\\/es\\\/#website\",\"url\":\"https:\\\/\\\/arc-peru.com\\\/es\\\/\",\"name\":\"Amazon Restoration Company\",\"description\":\"Value-added forest landscape restoration in Peru\u2019s Amazon Basin\",\"publisher\":{\"@id\":\"https:\\\/\\\/arc-peru.com\\\/es\\\/#organization\"},\"potentialAction\":[{\"@type\":\"SearchAction\",\"target\":{\"@type\":\"EntryPoint\",\"urlTemplate\":\"https:\\\/\\\/arc-peru.com\\\/es\\\/?s={search_term_string}\"},\"query-input\":{\"@type\":\"PropertyValueSpecification\",\"valueRequired\":true,\"valueName\":\"search_term_string\"}}],\"inLanguage\":\"es\"},{\"@type\":\"Organization\",\"@id\":\"https:\\\/\\\/arc-peru.com\\\/es\\\/#organization\",\"name\":\"Amazon Restoration Company\",\"url\":\"https:\\\/\\\/arc-peru.com\\\/es\\\/\",\"logo\":{\"@type\":\"ImageObject\",\"inLanguage\":\"es\",\"@id\":\"https:\\\/\\\/arc-peru.com\\\/es\\\/#\\\/schema\\\/logo\\\/image\\\/\",\"url\":\"https:\\\/\\\/arc-peru.com\\\/wp-content\\\/uploads\\\/2025\\\/03\\\/logo-arc.png\",\"contentUrl\":\"https:\\\/\\\/arc-peru.com\\\/wp-content\\\/uploads\\\/2025\\\/03\\\/logo-arc.png\",\"width\":1147,\"height\":557,\"caption\":\"Amazon Restoration Company\"},\"image\":{\"@id\":\"https:\\\/\\\/arc-peru.com\\\/es\\\/#\\\/schema\\\/logo\\\/image\\\/\"}}]}<\/script>\n<!-- \/ Yoast SEO plugin. -->","yoast_head_json":{"title":"Inicio - Amazon Restoration Company","robots":{"index":"index","follow":"follow","max-snippet":"max-snippet:-1","max-image-preview":"max-image-preview:large","max-video-preview":"max-video-preview:-1"},"canonical":"https:\/\/arc-peru.com\/es\/","og_locale":"es_ES","og_type":"article","og_title":"Inicio - Amazon Restoration Company","og_description":"Amazon Restoration Company Restauraci\u00f3n del paisaje forestal con valor a\u00f1adido en la cuenca amaz\u00f3nica de Per\u00fa Descubre m\u00e1s Restaurar paisajes forestales biodiversos y productivos Amazon Restoration Company (ARC) restaura paisajes forestales biodiversos y productivos en la Amazonia peruana. Nuestro trabajo combina plantaciones mixtas de \u00e1rboles aut\u00f3ctonos, restauraci\u00f3n de bosques naturales y agrosilvicultura minifundista en asociaci\u00f3n [&hellip;]","og_url":"https:\/\/arc-peru.com\/es\/","og_site_name":"Amazon Restoration Company","article_modified_time":"2025-06-10T17:01:05+00:00","twitter_card":"summary_large_image","twitter_misc":{"Tiempo de lectura":"2 minutos"},"schema":{"@context":"https:\/\/schema.org","@graph":[{"@type":"WebPage","@id":"https:\/\/arc-peru.com\/es\/","url":"https:\/\/arc-peru.com\/es\/","name":"Inicio - Amazon Restoration Company","isPartOf":{"@id":"https:\/\/arc-peru.com\/es\/#website"},"datePublished":"2025-03-04T09:08:29+00:00","dateModified":"2025-06-10T17:01:05+00:00","breadcrumb":{"@id":"https:\/\/arc-peru.com\/es\/#breadcrumb"},"inLanguage":"es","potentialAction":[{"@type":"ReadAction","target":["https:\/\/arc-peru.com\/es\/"]}]},{"@type":"BreadcrumbList","@id":"https:\/\/arc-peru.com\/es\/#breadcrumb","itemListElement":[{"@type":"ListItem","position":1,"name":"Home","item":"https:\/\/arc-peru.com\/es\/"},{"@type":"ListItem","position":2,"name":"Inicio"}]},{"@type":"WebSite","@id":"https:\/\/arc-peru.com\/es\/#website","url":"https:\/\/arc-peru.com\/es\/","name":"Amazon Restoration Company","description":"Value-added forest landscape restoration in Peru\u2019s Amazon Basin","publisher":{"@id":"https:\/\/arc-peru.com\/es\/#organization"},"potentialAction":[{"@type":"SearchAction","target":{"@type":"EntryPoint","urlTemplate":"https:\/\/arc-peru.com\/es\/?s={search_term_string}"},"query-input":{"@type":"PropertyValueSpecification","valueRequired":true,"valueName":"search_term_string"}}],"inLanguage":"es"},{"@type":"Organization","@id":"https:\/\/arc-peru.com\/es\/#organization","name":"Amazon Restoration Company","url":"https:\/\/arc-peru.com\/es\/","logo":{"@type":"ImageObject","inLanguage":"es","@id":"https:\/\/arc-peru.com\/es\/#\/schema\/logo\/image\/","url":"https:\/\/arc-peru.com\/wp-content\/uploads\/2025\/03\/logo-arc.png","contentUrl":"https:\/\/arc-peru.com\/wp-content\/uploads\/2025\/03\/logo-arc.png","width":1147,"height":557,"caption":"Amazon Restoration Company"},"image":{"@id":"https:\/\/arc-peru.com\/es\/#\/schema\/logo\/image\/"}}]}},"_links":{"self":[{"href":"https:\/\/arc-peru.com\/es\/wp-json\/wp\/v2\/pages\/933","targetHints":{"allow":["GET"]}}],"collection":[{"href":"https:\/\/arc-peru.com\/es\/wp-json\/wp\/v2\/pages"}],"about":[{"href":"https:\/\/arc-peru.com\/es\/wp-json\/wp\/v2\/types\/page"}],"author":[{"embeddable":true,"href":"https:\/\/arc-peru.com\/es\/wp-json\/wp\/v2\/users\/1"}],"replies":[{"embeddable":true,"href":"https:\/\/arc-peru.com\/es\/wp-json\/wp\/v2\/comments?post=933"}],"version-history":[{"count":8,"href":"https:\/\/arc-peru.com\/es\/wp-json\/wp\/v2\/pages\/933\/revisions"}],"predecessor-version":[{"id":1380,"href":"https:\/\/arc-peru.com\/es\/wp-json\/wp\/v2\/pages\/933\/revisions\/1380"}],"wp:attachment":[{"href":"https:\/\/arc-peru.com\/es\/wp-json\/wp\/v2\/media?parent=933"}],"curies":[{"name":"wp","href":"https:\/\/api.w.org\/{rel}","templated":true}]}}