{"id":936,"date":"2025-03-04T10:01:13","date_gmt":"2025-03-04T10:01:13","guid":{"rendered":"https:\/\/arc-peru.com\/sostenibilidad\/"},"modified":"2025-07-20T17:26:41","modified_gmt":"2025-07-20T17:26:41","slug":"sostenibilidad","status":"publish","type":"page","link":"https:\/\/arc-peru.com\/es\/sostenibilidad\/","title":{"rendered":"Sostenibilidad"},"content":{"rendered":"\t\t<div data-elementor-type=\"wp-page\" data-elementor-id=\"936\" class=\"elementor elementor-936 elementor-200\" data-elementor-post-type=\"page\">\n\t\t\t\t<div class=\"elementor-element elementor-element-e4fc394 e-flex e-con-boxed e-con e-parent\" data-id=\"e4fc394\" data-element_type=\"container\" data-e-type=\"container\" data-settings=\"{&quot;background_background&quot;:&quot;classic&quot;}\">\n\t\t\t\t\t<div class=\"e-con-inner\">\n\t\t<div class=\"elementor-element elementor-element-4ebc662 e-con-full e-flex e-con e-child\" data-id=\"4ebc662\" data-element_type=\"container\" data-e-type=\"container\">\n\t\t\t\t<div class=\"elementor-element elementor-element-a2c93e1 elementor-widget elementor-widget-heading\" data-id=\"a2c93e1\" data-element_type=\"widget\" data-e-type=\"widget\" data-widget_type=\"heading.default\">\n\t\t\t\t<div class=\"elementor-widget-container\">\n\t\t\t\t\t<h1 class=\"elementor-heading-title elementor-size-default\">Sostenibilidad<\/h1>\t\t\t\t<\/div>\n\t\t\t\t<\/div>\n\t\t\t\t<\/div>\n\t\t\t\t\t<\/div>\n\t\t\t\t<\/div>\n\t\t<div class=\"elementor-element elementor-element-9ef077c e-flex e-con-boxed e-con e-parent\" data-id=\"9ef077c\" data-element_type=\"container\" data-e-type=\"container\" id=\"commitment\" data-settings=\"{&quot;background_background&quot;:&quot;classic&quot;}\">\n\t\t\t\t\t<div class=\"e-con-inner\">\n\t\t<div class=\"elementor-element elementor-element-7c02d67 e-con-full e-flex e-con e-child\" data-id=\"7c02d67\" data-element_type=\"container\" data-e-type=\"container\" data-settings=\"{&quot;background_background&quot;:&quot;classic&quot;}\">\n\t\t\t\t<\/div>\n\t\t<div class=\"elementor-element elementor-element-d9aea24 e-con-full e-flex e-con e-child\" data-id=\"d9aea24\" data-element_type=\"container\" data-e-type=\"container\">\n\t\t\t\t<div class=\"elementor-element elementor-element-4ffb362 elementor-widget elementor-widget-heading\" data-id=\"4ffb362\" data-element_type=\"widget\" data-e-type=\"widget\" data-widget_type=\"heading.default\">\n\t\t\t\t<div class=\"elementor-widget-container\">\n\t\t\t\t\t<h2 class=\"elementor-heading-title elementor-size-default\">Compromiso<\/h2>\t\t\t\t<\/div>\n\t\t\t\t<\/div>\n\t\t\t\t<div class=\"elementor-element elementor-element-cfb4dcb elementor-widget elementor-widget-text-editor\" data-id=\"cfb4dcb\" data-element_type=\"widget\" data-e-type=\"widget\" data-widget_type=\"text-editor.default\">\n\t\t\t\t<div class=\"elementor-widget-container\">\n\t\t\t\t\t\t\t\t\t<p>Amazon Restoration Company contribuye a la mitigaci\u00f3n del cambio clim\u00e1tico, a la conservaci\u00f3n de la biodiversidad y al desarrollo sostenible. Nuestro trabajo se alinea con los Objetivos de Desarrollo Sostenible de la ONU, apoyando a las comunidades locales y mejorando la resiliencia de los ecosistemas.<\/p><h3>Biodiversidad y conservaci\u00f3n<\/h3><p>Ucayali es una regi\u00f3n de inmensa importancia ecol\u00f3gica, que alberga casi el 20% de la superficie forestal total de Per\u00fa. Aproximadamente el 85% del departamento est\u00e1 cubierto por selvas tropicales de tierras bajas, que albergan una extraordinaria biodiversidad, incluidas numerosas especies end\u00e9micas. La regi\u00f3n abarca dos grandes parques nacionales, varias reservas y zonas tamp\u00f3n clave, lo que la convierte en una zona cr\u00edtica para la conservaci\u00f3n. Estrat\u00e9gicamente situada en este paisaje, la zona del proyecto apoya la restauraci\u00f3n ecol\u00f3gica y refuerza los corredores naturales entre zonas protegidas. Con 818.300 hect\u00e1reas identificadas como lugares prioritarios para la restauraci\u00f3n forestal, el proyecto desempe\u00f1a un papel vital en el avance de los esfuerzos regionales de conservaci\u00f3n y se alinea perfectamente con las estrategias nacionales y regionales de uso sostenible de la tierra y reducci\u00f3n de emisiones.  <\/p>\t\t\t\t\t\t\t\t<\/div>\n\t\t\t\t<\/div>\n\t\t\t\t<\/div>\n\t\t<div class=\"elementor-element elementor-element-d08b704 e-con-full e-flex e-con e-child\" data-id=\"d08b704\" data-element_type=\"container\" data-e-type=\"container\">\n\t\t\t\t<div class=\"elementor-element elementor-element-45f0dbc elementor-widget elementor-widget-text-editor\" data-id=\"45f0dbc\" data-element_type=\"widget\" data-e-type=\"widget\" data-widget_type=\"text-editor.default\">\n\t\t\t\t<div class=\"elementor-widget-container\">\n\t\t\t\t\t\t\t\t\t<h3>Impacto social<\/h3><p>El impacto social de la empresa tambi\u00e9n va m\u00e1s all\u00e1 de los confines de sus propiedades. Un programa de productores locales a gran escala forma parte del plan empresarial para permitir a los peque\u00f1os y medianos agricultores y terratenientes reforestar tierras y estimular la integraci\u00f3n de los \u00e1rboles aut\u00f3ctonos en sus sistemas de gesti\u00f3n. El suministro de madera de estos productores locales se incluir\u00e1 en las l\u00edneas de producci\u00f3n de valor a\u00f1adido de la empresa.  <\/p>\t\t\t\t\t\t\t\t<\/div>\n\t\t\t\t<\/div>\n\t\t\t\t<div class=\"elementor-element elementor-element-0fc541e elementor-widget elementor-widget-button\" data-id=\"0fc541e\" data-element_type=\"widget\" data-e-type=\"widget\" data-widget_type=\"button.default\">\n\t\t\t\t<div class=\"elementor-widget-container\">\n\t\t\t\t\t\t\t\t\t<div class=\"elementor-button-wrapper\">\n\t\t\t\t\t<a class=\"elementor-button elementor-button-link elementor-size-sm\" href=\"#outgrower-program\">\n\t\t\t\t\t\t<span class=\"elementor-button-content-wrapper\">\n\t\t\t\t\t\t<span class=\"elementor-button-icon\">\n\t\t\t\t<svg aria-hidden=\"true\" class=\"e-font-icon-svg e-fas-long-arrow-alt-right\" viewBox=\"0 0 448 512\" xmlns=\"http:\/\/www.w3.org\/2000\/svg\"><path d=\"M313.941 216H12c-6.627 0-12 5.373-12 12v56c0 6.627 5.373 12 12 12h301.941v46.059c0 21.382 25.851 32.09 40.971 16.971l86.059-86.059c9.373-9.373 9.373-24.569 0-33.941l-86.059-86.059c-15.119-15.119-40.971-4.411-40.971 16.971V216z\"><\/path><\/svg>\t\t\t<\/span>\n\t\t\t\t\t\t\t\t\t<span class=\"elementor-button-text\">M\u00e1s informaci\u00f3n sobre nuestro Programa de Cultivadores  <\/span>\n\t\t\t\t\t<\/span>\n\t\t\t\t\t<\/a>\n\t\t\t\t<\/div>\n\t\t\t\t\t\t\t\t<\/div>\n\t\t\t\t<\/div>\n\t\t\t\t<\/div>\n\t\t\t\t\t<\/div>\n\t\t\t\t<\/div>\n\t\t<div class=\"elementor-element elementor-element-dbb3318 e-flex e-con-boxed e-con e-parent\" data-id=\"dbb3318\" data-element_type=\"container\" data-e-type=\"container\" data-settings=\"{&quot;background_background&quot;:&quot;classic&quot;}\">\n\t\t\t\t\t<div class=\"e-con-inner\">\n\t\t\t\t\t<\/div>\n\t\t\t\t<\/div>\n\t\t<div class=\"elementor-element elementor-element-650bd50 e-flex e-con-boxed e-con e-parent\" data-id=\"650bd50\" data-element_type=\"container\" data-e-type=\"container\" id=\"certification\" data-settings=\"{&quot;background_background&quot;:&quot;classic&quot;}\">\n\t\t\t\t\t<div class=\"e-con-inner\">\n\t\t<div class=\"elementor-element elementor-element-93042fd e-con-full e-flex e-con e-child\" data-id=\"93042fd\" data-element_type=\"container\" data-e-type=\"container\">\n\t\t\t\t<div class=\"elementor-element elementor-element-7bd97f4 elementor-widget elementor-widget-heading\" data-id=\"7bd97f4\" data-element_type=\"widget\" data-e-type=\"widget\" data-widget_type=\"heading.default\">\n\t\t\t\t<div class=\"elementor-widget-container\">\n\t\t\t\t\t<h2 class=\"elementor-heading-title elementor-size-default\">Certificaci\u00f3n<\/h2>\t\t\t\t<\/div>\n\t\t\t\t<\/div>\n\t\t\t\t<div class=\"elementor-element elementor-element-353d4ff elementor-widget elementor-widget-text-editor\" data-id=\"353d4ff\" data-element_type=\"widget\" data-e-type=\"widget\" data-widget_type=\"text-editor.default\">\n\t\t\t\t<div class=\"elementor-widget-container\">\n\t\t\t\t\t\t\t\t\tNuestro objetivo es cumplir rigurosas normas de sostenibilidad, como FSC\u00ae (Forest Stewardship Council\u00ae), VCS (Verified Carbon Standard) y CCB (Climate, Community, and Biodiversity), como parte de nuestro compromiso con las pr\u00e1cticas responsables y de impacto.\t\t\t\t\t\t\t\t<\/div>\n\t\t\t\t<\/div>\n\t\t\t\t<\/div>\n\t\t\t\t\t<\/div>\n\t\t\t\t<\/div>\n\t\t<div class=\"elementor-element elementor-element-58a9de3 e-con-full e-flex e-con e-parent\" data-id=\"58a9de3\" data-element_type=\"container\" data-e-type=\"container\" id=\"outgrower-program\">\n\t\t<div class=\"elementor-element elementor-element-0fea7af e-con-full e-flex e-con e-child\" data-id=\"0fea7af\" data-element_type=\"container\" data-e-type=\"container\" data-settings=\"{&quot;background_background&quot;:&quot;classic&quot;}\">\n\t\t<div class=\"elementor-element elementor-element-dfcc1f1 e-con-full e-flex e-con e-child\" data-id=\"dfcc1f1\" data-element_type=\"container\" data-e-type=\"container\">\n\t\t\t\t<div class=\"elementor-element elementor-element-73aa294 elementor-widget elementor-widget-heading\" data-id=\"73aa294\" data-element_type=\"widget\" data-e-type=\"widget\" data-widget_type=\"heading.default\">\n\t\t\t\t<div class=\"elementor-widget-container\">\n\t\t\t\t\t<h2 class=\"elementor-heading-title elementor-size-default\">Programa de Cultivadores  <\/h2>\t\t\t\t<\/div>\n\t\t\t\t<\/div>\n\t\t\t\t<div class=\"elementor-element elementor-element-45ca0fd elementor-widget elementor-widget-text-editor\" data-id=\"45ca0fd\" data-element_type=\"widget\" data-e-type=\"widget\" data-widget_type=\"text-editor.default\">\n\t\t\t\t<div class=\"elementor-widget-container\">\n\t\t\t\t\t\t\t\t\t<p>Nuestro programa de cultivadores subcontratados colabora con peque\u00f1os y medianos agricultores para restaurar las tierras degradadas y promover al mismo tiempo el uso sostenible de la tierra. Trabajamos en comunidades seleccionadas que se asocian con ARC. En estas comunidades, las familias agricultoras individuales pueden inscribirse en el programa, a trav\u00e9s del cual reciben plantones, aportaciones y apoyo t\u00e9cnico. Para cada participante se elabora un plan agr\u00edcola que incluye en una peque\u00f1a porci\u00f3n de sus tierras sus actividades de plantaci\u00f3n de \u00e1rboles con ARC. Los agricultores conservan la plena propiedad de la tierra, y tambi\u00e9n son propietarios de los \u00e1rboles que se les entregan. ARC permite a los agricultores unirse al programa de certificaci\u00f3n de carbono y, por tanto, les proporciona acceso a los ingresos por cr\u00e9ditos de carbono. Dependiendo de la especie de \u00e1rbol, los \u00e1rboles pueden cosecharse en un plazo de 5 a 20 a\u00f1os. En ese momento, ARC comprar\u00e1 la madera a un precio justo de mercado, mientras que los agricultores se comprometen a replantar los \u00e1rboles tras la tala. Esto garantiza la continuaci\u00f3n sostenible de la reforestaci\u00f3n y la producci\u00f3n renovada de madera.       &nbsp;<\/p>\n<p>Esta iniciativa ampl\u00eda nuestro impacto m\u00e1s all\u00e1 de nuestras propias propiedades, capacitando a agricultores y terratenientes para que rehabiliten sus tierras y adopten pr\u00e1cticas sostenibles. La madera producida por los cultivadores subcontratados pasar\u00e1 a formar parte de nuestra l\u00ednea de producci\u00f3n de valor a\u00f1adido, apoyar\u00e1 las econom\u00edas locales y fomentar\u00e1 la restauraci\u00f3n medioambiental a largo plazo.&nbsp;<\/p>\t\t\t\t\t\t\t\t<\/div>\n\t\t\t\t<\/div>\n\t\t\t\t<\/div>\n\t\t\t\t<\/div>\n\t\t<div class=\"elementor-element elementor-element-0f06c3d e-con-full e-flex e-con e-child\" data-id=\"0f06c3d\" data-element_type=\"container\" data-e-type=\"container\" data-settings=\"{&quot;background_background&quot;:&quot;classic&quot;}\">\n\t\t\t\t<\/div>\n\t\t\t\t<\/div>\n\t\t\t\t<\/div>\n\t\t","protected":false},"excerpt":{"rendered":"<p>Compromiso Amazon Restoration Company contribuye a la mitigaci\u00f3n del cambio clim\u00e1tico, a la conservaci\u00f3n de la biodiversidad y al desarrollo sostenible. Nuestro trabajo se alinea con los Objetivos de Desarrollo Sostenible de la ONU, apoyando a las comunidades locales y mejorando la resiliencia de los ecosistemas. Biodiversidad y conservaci\u00f3n Ucayali es una regi\u00f3n de inmensa [&hellip;]<\/p>\n","protected":false},"author":1,"featured_media":0,"parent":0,"menu_order":0,"comment_status":"closed","ping_status":"closed","template":"elementor_header_footer","meta":{"inline_featured_image":false,"footnotes":""},"class_list":["post-936","page","type-page","status-publish","hentry"],"yoast_head":"<!-- This site is optimized with the Yoast SEO plugin v27.4 - https:\/\/yoast.com\/product\/yoast-seo-wordpress\/ -->\n<title>Sostenibilidad - Amazon Restoration Company<\/title>\n<meta name=\"robots\" content=\"index, follow, max-snippet:-1, max-image-preview:large, max-video-preview:-1\" \/>\n<link rel=\"canonical\" href=\"https:\/\/arc-peru.com\/es\/sostenibilidad\/\" \/>\n<meta property=\"og:locale\" content=\"es_ES\" \/>\n<meta property=\"og:type\" content=\"article\" \/>\n<meta property=\"og:title\" content=\"Sostenibilidad - Amazon Restoration Company\" \/>\n<meta property=\"og:description\" content=\"Compromiso Amazon Restoration Company contribuye a la mitigaci\u00f3n del cambio clim\u00e1tico, a la conservaci\u00f3n de la biodiversidad y al desarrollo sostenible. Nuestro trabajo se alinea con los Objetivos de Desarrollo Sostenible de la ONU, apoyando a las comunidades locales y mejorando la resiliencia de los ecosistemas. Biodiversidad y conservaci\u00f3n Ucayali es una regi\u00f3n de inmensa [&hellip;]\" \/>\n<meta property=\"og:url\" content=\"https:\/\/arc-peru.com\/es\/sostenibilidad\/\" \/>\n<meta property=\"og:site_name\" content=\"Amazon Restoration Company\" \/>\n<meta property=\"article:modified_time\" content=\"2025-07-20T17:26:41+00:00\" \/>\n<meta name=\"twitter:card\" content=\"summary_large_image\" \/>\n<meta name=\"twitter:label1\" content=\"Tiempo de lectura\" \/>\n\t<meta name=\"twitter:data1\" content=\"3 minutos\" \/>\n<script type=\"application\/ld+json\" class=\"yoast-schema-graph\">{\"@context\":\"https:\\\/\\\/schema.org\",\"@graph\":[{\"@type\":\"WebPage\",\"@id\":\"https:\\\/\\\/arc-peru.com\\\/es\\\/sostenibilidad\\\/\",\"url\":\"https:\\\/\\\/arc-peru.com\\\/es\\\/sostenibilidad\\\/\",\"name\":\"Sostenibilidad - Amazon Restoration Company\",\"isPartOf\":{\"@id\":\"https:\\\/\\\/arc-peru.com\\\/es\\\/#website\"},\"datePublished\":\"2025-03-04T10:01:13+00:00\",\"dateModified\":\"2025-07-20T17:26:41+00:00\",\"breadcrumb\":{\"@id\":\"https:\\\/\\\/arc-peru.com\\\/es\\\/sostenibilidad\\\/#breadcrumb\"},\"inLanguage\":\"es\",\"potentialAction\":[{\"@type\":\"ReadAction\",\"target\":[\"https:\\\/\\\/arc-peru.com\\\/es\\\/sostenibilidad\\\/\"]}]},{\"@type\":\"BreadcrumbList\",\"@id\":\"https:\\\/\\\/arc-peru.com\\\/es\\\/sostenibilidad\\\/#breadcrumb\",\"itemListElement\":[{\"@type\":\"ListItem\",\"position\":1,\"name\":\"Home\",\"item\":\"https:\\\/\\\/arc-peru.com\\\/es\\\/\"},{\"@type\":\"ListItem\",\"position\":2,\"name\":\"Sostenibilidad\"}]},{\"@type\":\"WebSite\",\"@id\":\"https:\\\/\\\/arc-peru.com\\\/es\\\/#website\",\"url\":\"https:\\\/\\\/arc-peru.com\\\/es\\\/\",\"name\":\"Amazon Restoration Company\",\"description\":\"Value-added forest landscape restoration in Peru\u2019s Amazon Basin\",\"publisher\":{\"@id\":\"https:\\\/\\\/arc-peru.com\\\/es\\\/#organization\"},\"potentialAction\":[{\"@type\":\"SearchAction\",\"target\":{\"@type\":\"EntryPoint\",\"urlTemplate\":\"https:\\\/\\\/arc-peru.com\\\/es\\\/?s={search_term_string}\"},\"query-input\":{\"@type\":\"PropertyValueSpecification\",\"valueRequired\":true,\"valueName\":\"search_term_string\"}}],\"inLanguage\":\"es\"},{\"@type\":\"Organization\",\"@id\":\"https:\\\/\\\/arc-peru.com\\\/es\\\/#organization\",\"name\":\"Amazon Restoration Company\",\"url\":\"https:\\\/\\\/arc-peru.com\\\/es\\\/\",\"logo\":{\"@type\":\"ImageObject\",\"inLanguage\":\"es\",\"@id\":\"https:\\\/\\\/arc-peru.com\\\/es\\\/#\\\/schema\\\/logo\\\/image\\\/\",\"url\":\"https:\\\/\\\/arc-peru.com\\\/wp-content\\\/uploads\\\/2025\\\/03\\\/logo-arc.png\",\"contentUrl\":\"https:\\\/\\\/arc-peru.com\\\/wp-content\\\/uploads\\\/2025\\\/03\\\/logo-arc.png\",\"width\":1147,\"height\":557,\"caption\":\"Amazon Restoration Company\"},\"image\":{\"@id\":\"https:\\\/\\\/arc-peru.com\\\/es\\\/#\\\/schema\\\/logo\\\/image\\\/\"}}]}<\/script>\n<!-- \/ Yoast SEO plugin. -->","yoast_head_json":{"title":"Sostenibilidad - Amazon Restoration Company","robots":{"index":"index","follow":"follow","max-snippet":"max-snippet:-1","max-image-preview":"max-image-preview:large","max-video-preview":"max-video-preview:-1"},"canonical":"https:\/\/arc-peru.com\/es\/sostenibilidad\/","og_locale":"es_ES","og_type":"article","og_title":"Sostenibilidad - Amazon Restoration Company","og_description":"Compromiso Amazon Restoration Company contribuye a la mitigaci\u00f3n del cambio clim\u00e1tico, a la conservaci\u00f3n de la biodiversidad y al desarrollo sostenible. Nuestro trabajo se alinea con los Objetivos de Desarrollo Sostenible de la ONU, apoyando a las comunidades locales y mejorando la resiliencia de los ecosistemas. Biodiversidad y conservaci\u00f3n Ucayali es una regi\u00f3n de inmensa [&hellip;]","og_url":"https:\/\/arc-peru.com\/es\/sostenibilidad\/","og_site_name":"Amazon Restoration Company","article_modified_time":"2025-07-20T17:26:41+00:00","twitter_card":"summary_large_image","twitter_misc":{"Tiempo de lectura":"3 minutos"},"schema":{"@context":"https:\/\/schema.org","@graph":[{"@type":"WebPage","@id":"https:\/\/arc-peru.com\/es\/sostenibilidad\/","url":"https:\/\/arc-peru.com\/es\/sostenibilidad\/","name":"Sostenibilidad - Amazon Restoration Company","isPartOf":{"@id":"https:\/\/arc-peru.com\/es\/#website"},"datePublished":"2025-03-04T10:01:13+00:00","dateModified":"2025-07-20T17:26:41+00:00","breadcrumb":{"@id":"https:\/\/arc-peru.com\/es\/sostenibilidad\/#breadcrumb"},"inLanguage":"es","potentialAction":[{"@type":"ReadAction","target":["https:\/\/arc-peru.com\/es\/sostenibilidad\/"]}]},{"@type":"BreadcrumbList","@id":"https:\/\/arc-peru.com\/es\/sostenibilidad\/#breadcrumb","itemListElement":[{"@type":"ListItem","position":1,"name":"Home","item":"https:\/\/arc-peru.com\/es\/"},{"@type":"ListItem","position":2,"name":"Sostenibilidad"}]},{"@type":"WebSite","@id":"https:\/\/arc-peru.com\/es\/#website","url":"https:\/\/arc-peru.com\/es\/","name":"Amazon Restoration Company","description":"Value-added forest landscape restoration in Peru\u2019s Amazon Basin","publisher":{"@id":"https:\/\/arc-peru.com\/es\/#organization"},"potentialAction":[{"@type":"SearchAction","target":{"@type":"EntryPoint","urlTemplate":"https:\/\/arc-peru.com\/es\/?s={search_term_string}"},"query-input":{"@type":"PropertyValueSpecification","valueRequired":true,"valueName":"search_term_string"}}],"inLanguage":"es"},{"@type":"Organization","@id":"https:\/\/arc-peru.com\/es\/#organization","name":"Amazon Restoration Company","url":"https:\/\/arc-peru.com\/es\/","logo":{"@type":"ImageObject","inLanguage":"es","@id":"https:\/\/arc-peru.com\/es\/#\/schema\/logo\/image\/","url":"https:\/\/arc-peru.com\/wp-content\/uploads\/2025\/03\/logo-arc.png","contentUrl":"https:\/\/arc-peru.com\/wp-content\/uploads\/2025\/03\/logo-arc.png","width":1147,"height":557,"caption":"Amazon Restoration Company"},"image":{"@id":"https:\/\/arc-peru.com\/es\/#\/schema\/logo\/image\/"}}]}},"_links":{"self":[{"href":"https:\/\/arc-peru.com\/es\/wp-json\/wp\/v2\/pages\/936","targetHints":{"allow":["GET"]}}],"collection":[{"href":"https:\/\/arc-peru.com\/es\/wp-json\/wp\/v2\/pages"}],"about":[{"href":"https:\/\/arc-peru.com\/es\/wp-json\/wp\/v2\/types\/page"}],"author":[{"embeddable":true,"href":"https:\/\/arc-peru.com\/es\/wp-json\/wp\/v2\/users\/1"}],"replies":[{"embeddable":true,"href":"https:\/\/arc-peru.com\/es\/wp-json\/wp\/v2\/comments?post=936"}],"version-history":[{"count":21,"href":"https:\/\/arc-peru.com\/es\/wp-json\/wp\/v2\/pages\/936\/revisions"}],"predecessor-version":[{"id":1460,"href":"https:\/\/arc-peru.com\/es\/wp-json\/wp\/v2\/pages\/936\/revisions\/1460"}],"wp:attachment":[{"href":"https:\/\/arc-peru.com\/es\/wp-json\/wp\/v2\/media?parent=936"}],"curies":[{"name":"wp","href":"https:\/\/api.w.org\/{rel}","templated":true}]}}